{"id":500,"date":"2025-10-19T18:28:35","date_gmt":"2025-10-19T18:28:35","guid":{"rendered":"https:\/\/weber-legal.ch\/?page_id=500"},"modified":"2025-10-30T20:40:05","modified_gmt":"2025-10-30T20:40:05","slug":"ra-luca-orsatti","status":"publish","type":"page","link":"https:\/\/weber-legal.ch\/index.php\/ra-luca-orsatti\/","title":{"rendered":"Ra Luca Orsatti"},"content":{"rendered":"<p><img loading=\"lazy\" decoding=\"async\" class=\"alignnone wp-image-507 size-full\" src=\"https:\/\/weber-legal.ch\/wp-content\/uploads\/2025\/10\/orsatti.jpg\" alt=\"\" width=\"1906\" height=\"1366\" srcset=\"https:\/\/weber-legal.ch\/wp-content\/uploads\/2025\/10\/orsatti.jpg 1906w, https:\/\/weber-legal.ch\/wp-content\/uploads\/2025\/10\/orsatti-300x215.jpg 300w, https:\/\/weber-legal.ch\/wp-content\/uploads\/2025\/10\/orsatti-1024x734.jpg 1024w, https:\/\/weber-legal.ch\/wp-content\/uploads\/2025\/10\/orsatti-768x550.jpg 768w, https:\/\/weber-legal.ch\/wp-content\/uploads\/2025\/10\/orsatti-1536x1101.jpg 1536w, https:\/\/weber-legal.ch\/wp-content\/uploads\/2025\/10\/orsatti-1200x860.jpg 1200w\" sizes=\"auto, (max-width: 709px) 85vw, (max-width: 909px) 67vw, (max-width: 1362px) 62vw, 840px\" \/><\/p>\n<p><a href=\"mailto:aw@weber-legal.ch\"><strong><span class=\"ff4 fc4 fs10 \">kontakt\u00a0via Email<\/span><\/strong><\/a><\/p>\n<p class=\"imAlign_left\"><span class=\"ff3 fc3 fs10 fb \"><strong>Ausbildung<\/strong>\u00a0<\/span><\/p>\n<ul class=\"imBullet\">\n<li class=\"imAlign_left\">Anwaltspatent (2024)<\/li>\n<li class=\"imAlign_left\">Master in Rechtswissenschaften, Universit\u00e4t Luzern (2021)<\/li>\n<li>Bachelor in Rechtswissenschaften, Universit\u00e4t Luzern (2019)<\/li>\n<\/ul>\n<p class=\"imAlign_left\"><span class=\"ff3 fc5 fs10 \"><br \/>\n<\/span><span class=\"ff3 fc3 fs10 fb \"><strong>Berufliche T\u00e4tigkeiten<\/strong>\u00a0<\/span><\/p>\n<ul class=\"imBullet\">\n<li class=\"imAlign_left\">Rechtsanwalt bei der Anwalts- und Notariatskanzlei Advokat Andr\u00e9 Weber &amp; Partner, Locarno \/ Z\u00fcrich (2025)<\/li>\n<li>Rechtsanwalt, f\u00fchrende Anwalts- und Notariatskanzlei, Lugano (2024\u20132025)<\/li>\n<li>Rechtspraktikant, Staatsanwaltschaft, Lugano (2023)<\/li>\n<li>Rechtspraktikant, f\u00fchrende Anwalts- und Notariatskanzlei, Lugano (2022\u20132023)<\/li>\n<li>Rechtspraktikant, Bezirksgericht Mendrisio S\u00fcd (2022)<\/li>\n<li>Rechtspraktikant, Bezirksgericht Lugano, Abteilung 1 (2021\u20132022)<\/li>\n<li>Rechtspraktikant, Strafappellations- und Revisionsgericht (2021)<\/li>\n<\/ul>\n<p class=\"imAlign_left\"><span class=\"ff3 fc5 fs10 \"><br \/>\n<\/span><strong><span class=\"ff3 fc3 fs10 fb \">Mitgliedschaften\u00a0<\/span><\/strong><\/p>\n<ul class=\"imBullet\">\n<li>Schweizerischer Anwaltsverband (SAV)<\/li>\n<li class=\"imAlign_left\">Anwaltsverband des Kantons Tessin (OATI)<\/li>\n<\/ul>\n<p class=\"imAlign_left\"><span class=\"ff3 fc5 fs10 \"><br \/>\n<\/span><strong><span class=\"ff3 fc3 fs10 fb \">Sprachen\u00a0<\/span><\/strong><\/p>\n<p>RA Luca Orsatti ist im Tessin und in Z\u00fcrich t\u00e4tig und vertritt seine Mandantinnen und Mandanten sowohl auf Italienisch als auch auf Deutsch. Er spricht fliessend Italienisch, Deutsch und Englisch.<\/p>\n<p><strong><span class=\"ff3 fc3 fs10 fb \">Bevorzugte Arbeitsgebiete<\/span><\/strong><\/p>\n<ul class=\"imBullet\">\n<li>Haftpflichtrecht<\/li>\n<li>Vertrags- und Gesellschaftsrecht<\/li>\n<li class=\"imAlign_left\">Strafrecht<\/li>\n<li>Familien- und Scheidungsrecht<\/li>\n<li>Verwaltungsrecht (insbesondere Bau- und Planungsrecht)<\/li>\n<li>Nachlassplanung<\/li>\n<\/ul>\n","protected":false},"excerpt":{"rendered":"<p>kontakt\u00a0via Email Ausbildung\u00a0 Anwaltspatent (2024) Master in Rechtswissenschaften, Universit\u00e4t Luzern (2021) Bachelor in Rechtswissenschaften, Universit\u00e4t Luzern (2019) Berufliche T\u00e4tigkeiten\u00a0 Rechtsanwalt bei der Anwalts- und Notariatskanzlei Advokat Andr\u00e9 Weber &amp; Partner, Locarno \/ Z\u00fcrich (2025) Rechtsanwalt, f\u00fchrende Anwalts- und Notariatskanzlei, Lugano (2024\u20132025) Rechtspraktikant, Staatsanwaltschaft, Lugano (2023) Rechtspraktikant, f\u00fchrende Anwalts- und Notariatskanzlei, Lugano (2022\u20132023) Rechtspraktikant, Bezirksgericht Mendrisio &hellip; <a href=\"https:\/\/weber-legal.ch\/index.php\/ra-luca-orsatti\/\" class=\"more-link\">Continue reading<span class=\"screen-reader-text\"> &#8220;Ra Luca Orsatti&#8221;<\/span><\/a><\/p>\n","protected":false},"author":1,"featured_media":0,"parent":0,"menu_order":0,"comment_status":"closed","ping_status":"closed","template":"","meta":{"footnotes":""},"class_list":["post-500","page","type-page","status-publish","hentry"],"_links":{"self":[{"href":"https:\/\/weber-legal.ch\/index.php\/wp-json\/wp\/v2\/pages\/500","targetHints":{"allow":["GET"]}}],"collection":[{"href":"https:\/\/weber-legal.ch\/index.php\/wp-json\/wp\/v2\/pages"}],"about":[{"href":"https:\/\/weber-legal.ch\/index.php\/wp-json\/wp\/v2\/types\/page"}],"author":[{"embeddable":true,"href":"https:\/\/weber-legal.ch\/index.php\/wp-json\/wp\/v2\/users\/1"}],"replies":[{"embeddable":true,"href":"https:\/\/weber-legal.ch\/index.php\/wp-json\/wp\/v2\/comments?post=500"}],"version-history":[{"count":2,"href":"https:\/\/weber-legal.ch\/index.php\/wp-json\/wp\/v2\/pages\/500\/revisions"}],"predecessor-version":[{"id":508,"href":"https:\/\/weber-legal.ch\/index.php\/wp-json\/wp\/v2\/pages\/500\/revisions\/508"}],"wp:attachment":[{"href":"https:\/\/weber-legal.ch\/index.php\/wp-json\/wp\/v2\/media?parent=500"}],"curies":[{"name":"wp","href":"https:\/\/api.w.org\/{rel}","templated":true}]}}