{"id":496,"date":"2025-10-19T18:18:52","date_gmt":"2025-10-19T18:18:52","guid":{"rendered":"https:\/\/weber-legal.ch\/?page_id=496"},"modified":"2025-10-30T20:40:55","modified_gmt":"2025-10-30T20:40:55","slug":"avv-luca-orsatti","status":"publish","type":"page","link":"https:\/\/weber-legal.ch\/index.php\/avv-luca-orsatti\/","title":{"rendered":"Avv. Luca Orsatti"},"content":{"rendered":"<p><img loading=\"lazy\" decoding=\"async\" class=\"alignnone wp-image-509 size-full\" src=\"https:\/\/weber-legal.ch\/wp-content\/uploads\/2025\/10\/orsatti-1.jpg\" alt=\"\" width=\"1906\" height=\"1366\" srcset=\"https:\/\/weber-legal.ch\/wp-content\/uploads\/2025\/10\/orsatti-1.jpg 1906w, https:\/\/weber-legal.ch\/wp-content\/uploads\/2025\/10\/orsatti-1-300x215.jpg 300w, https:\/\/weber-legal.ch\/wp-content\/uploads\/2025\/10\/orsatti-1-1024x734.jpg 1024w, https:\/\/weber-legal.ch\/wp-content\/uploads\/2025\/10\/orsatti-1-768x550.jpg 768w, https:\/\/weber-legal.ch\/wp-content\/uploads\/2025\/10\/orsatti-1-1536x1101.jpg 1536w, https:\/\/weber-legal.ch\/wp-content\/uploads\/2025\/10\/orsatti-1-1200x860.jpg 1200w\" sizes=\"auto, (max-width: 709px) 85vw, (max-width: 909px) 67vw, (max-width: 1362px) 62vw, 840px\" \/><\/p>\n<p><a href=\"mailto:l.orsatti@weber-legal.ch\">contatta ora<\/a><\/p>\n<p class=\"imAlign_left\"><strong><span class=\"ff3 fc3 fs10 fb \">Formazione<\/span><\/strong><span class=\"ff4 fc4 fs10 \"><br \/>\n<\/span>Brevetto di Avvocato (2024)<br \/>\nMaster in diritto, Universit\u00e0 di Lucerna (2021)<br \/>\nBachelor in diritto, Universit\u00e0 di Lucerna (2019)<\/p>\n<p><strong><span class=\"ff3 fc3 fs10 fb \">Attivit\u00e0 professionale<\/span><\/strong><\/p>\n<ul>\n<li>Avvocato presso lo Studio legale e notarile Avv. Andr\u00e9 Weber e Associati, con uffici a Locarno e Zurigo (dal 2025)<\/li>\n<li>Avvocato, presso un primario Studio legale e notarile, Lugano (2024 &#8211; 2025)<\/li>\n<li>Praticante legale, Ministero pubblico, Lugano (2023)<\/li>\n<li>Praticante legale, presso un primario Studio legale e notarile, Lugano (2022 &#8211; 2023)<\/li>\n<li>Praticante legale, Pretura di Mendrisio Sud (2022 &#8211; 2022)<\/li>\n<li>Praticante legale, Pretura di Lugano, Sezione 1 (2021 &#8211; 2022)<\/li>\n<li>Praticante legale, Corte di appello e di revisione penale (2021 &#8211; 2021)<\/li>\n<\/ul>\n<p class=\"imAlign_left\"><strong><span class=\"ff3 fc3 fs10 fb \">Attivit\u00e0 e iscrizioni<\/span><\/strong><span class=\"ff4 fc4 fs10 \"><br \/>\n<\/span><\/p>\n<ul class=\"imBullet\">\n<li class=\"imAlign_left\">Iscritto all\u2019Ordine degli avvocati svizzeri (FSA)<\/li>\n<li class=\"imAlign_left\">Iscritto all\u2019Ordine degli avvocati del Canton Ticino (OATI)<\/li>\n<\/ul>\n<p class=\"imAlign_left\"><strong><span class=\"ff3 fc3 fs10 fb \">Lingue\u00a0<\/span><\/strong><span class=\"ff3 fc4 fs10 \"><br \/>\n<\/span>L\u2019avv. Luca Orsatti \u00e8 attivo professionalmente in Ticino e a Zurigo e rappresenta i suoi clienti sia in italiano che in tedesco. Parla correntemente italiano, tedesco e inglese.<\/p>\n<p><span class=\"ff3 fc3 fs10 fb \"><strong>Campi di attivit\u00e0 preferiti<\/strong><\/span><span class=\"ff3 fc5 fs10 \"><br \/>\n<\/span><\/p>\n<ul class=\"imBullet\">\n<li class=\"imAlign_left\">Responsabilit\u00e0 civile<\/li>\n<li class=\"imAlign_left\">Diritto contrattuale e societario<\/li>\n<li class=\"imAlign_left\">Diritto penale<\/li>\n<li class=\"imAlign_left\">Diritto della famiglia e dei divorzi<\/li>\n<li class=\"imAlign_left\">Diritto amministrativo (in particolare diritto della costruzione e della pianificazione)<\/li>\n<li class=\"imAlign_left\">Pianificazione successoria<\/li>\n<\/ul>\n","protected":false},"excerpt":{"rendered":"<p>contatta ora Formazione Brevetto di Avvocato (2024) Master in diritto, Universit\u00e0 di Lucerna (2021) Bachelor in diritto, Universit\u00e0 di Lucerna (2019) Attivit\u00e0 professionale Avvocato presso lo Studio legale e notarile Avv. Andr\u00e9 Weber e Associati, con uffici a Locarno e Zurigo (dal 2025) Avvocato, presso un primario Studio legale e notarile, Lugano (2024 &#8211; 2025) &hellip; <a href=\"https:\/\/weber-legal.ch\/index.php\/avv-luca-orsatti\/\" class=\"more-link\">Continue reading<span class=\"screen-reader-text\"> &#8220;Avv. Luca Orsatti&#8221;<\/span><\/a><\/p>\n","protected":false},"author":1,"featured_media":0,"parent":0,"menu_order":0,"comment_status":"closed","ping_status":"closed","template":"","meta":{"footnotes":""},"class_list":["post-496","page","type-page","status-publish","hentry"],"_links":{"self":[{"href":"https:\/\/weber-legal.ch\/index.php\/wp-json\/wp\/v2\/pages\/496","targetHints":{"allow":["GET"]}}],"collection":[{"href":"https:\/\/weber-legal.ch\/index.php\/wp-json\/wp\/v2\/pages"}],"about":[{"href":"https:\/\/weber-legal.ch\/index.php\/wp-json\/wp\/v2\/types\/page"}],"author":[{"embeddable":true,"href":"https:\/\/weber-legal.ch\/index.php\/wp-json\/wp\/v2\/users\/1"}],"replies":[{"embeddable":true,"href":"https:\/\/weber-legal.ch\/index.php\/wp-json\/wp\/v2\/comments?post=496"}],"version-history":[{"count":2,"href":"https:\/\/weber-legal.ch\/index.php\/wp-json\/wp\/v2\/pages\/496\/revisions"}],"predecessor-version":[{"id":510,"href":"https:\/\/weber-legal.ch\/index.php\/wp-json\/wp\/v2\/pages\/496\/revisions\/510"}],"wp:attachment":[{"href":"https:\/\/weber-legal.ch\/index.php\/wp-json\/wp\/v2\/media?parent=496"}],"curies":[{"name":"wp","href":"https:\/\/api.w.org\/{rel}","templated":true}]}}