{"id":424,"date":"2018-07-31T10:49:25","date_gmt":"2018-07-31T10:49:25","guid":{"rendered":"https:\/\/weber-legal.ch\/?page_id=424"},"modified":"2025-10-19T18:33:40","modified_gmt":"2025-10-19T18:33:40","slug":"avv-micaela-rossetti-2","status":"publish","type":"page","link":"https:\/\/weber-legal.ch\/index.php\/avv-micaela-rossetti-2\/","title":{"rendered":"Avv. Micaela Rossetti, Notaio"},"content":{"rendered":"<p><img loading=\"lazy\" decoding=\"async\" class=\"alignnone size-full wp-image-467\" src=\"https:\/\/weber-legal.ch\/wp-content\/uploads\/2019\/02\/Michaela01.jpg\" alt=\"\" width=\"1400\" height=\"814\" srcset=\"https:\/\/weber-legal.ch\/wp-content\/uploads\/2019\/02\/Michaela01.jpg 1400w, https:\/\/weber-legal.ch\/wp-content\/uploads\/2019\/02\/Michaela01-300x174.jpg 300w, https:\/\/weber-legal.ch\/wp-content\/uploads\/2019\/02\/Michaela01-768x447.jpg 768w, https:\/\/weber-legal.ch\/wp-content\/uploads\/2019\/02\/Michaela01-1024x595.jpg 1024w, https:\/\/weber-legal.ch\/wp-content\/uploads\/2019\/02\/Michaela01-1200x698.jpg 1200w\" sizes=\"auto, (max-width: 709px) 85vw, (max-width: 909px) 67vw, (max-width: 1362px) 62vw, 840px\" \/><\/p>\n<p><a href=\"mailto:M.rossetti@weber-legal.ch\">contatta ora<\/a><\/p>\n<p class=\"imAlign_left\"><strong><span class=\"ff3 fc3 fs10 fb \">Formazione<\/span><\/strong><span class=\"ff4 fc4 fs10 \"><br \/>\n<\/span>Patente di notaio dal 2017<br \/>\nBrevetto d\u2019Avvocato (2013)<br \/>\nMaster in diritto, Universit\u00e0 di Lucerna (2013)<br \/>\nBachelor in diritto, Universit\u00e0 di Lucerna (2011)<br \/>\nLizentiat I in diritto, Universit\u00e0 di Zurigo, (2008)<\/p>\n<p><span style=\"color: #000000;\"><strong><span class=\"ff3 fc3 fs10 fb \">Attivit\u00e0 professionale<\/span><\/strong><\/span><\/p>\n<ul>\n<li><span style=\"color: #000000;\">Dal 2018: Attivit\u00e0 di avvocato e notaio associato allo Studio Legale e Notarile avv. Andr\u00e9 Weber e associati, con uffici a Locarno e Zurigo<\/span><\/li>\n<li>Pratica notarile presso Ufficio del registro Fondiario di Locarno e Ufficio del Registro di Commercio di Biasca (2016)<\/li>\n<li><span style=\"color: #000000;\">Avvocato e notaio in un primario Studio Legale del Locarnese (2014-2018)<\/span><\/li>\n<li><span style=\"color: #000000;\">Stage, Studio Legale Fredricks &amp; Von der Horst, Los Angeles, Stati Uniti (gennaio-marzo 2014)<\/span><\/li>\n<li><span style=\"color: #000000;\">Alunna Giudiziaria, Pretura Locarno-Citt\u00e0, Locarno, Svizzera (marzo 2013-luglio 2013)<\/span><\/li>\n<li><span style=\"color: #000000;\">Praticante in un primario Studio Legale del locarnese (agosto 2011-febbraio 2013)<\/span><\/li>\n<\/ul>\n<p class=\"imAlign_left\"><span style=\"color: #000000;\"><strong><span class=\"ff3 fc3 fs10 fb \">Attivit\u00e0 e iscrizioni<\/span><\/strong><span class=\"ff4 fc4 fs10 \"><br \/>\n<\/span><\/span><\/p>\n<ul class=\"imBullet\">\n<li><span style=\"color: #000000;\">Iscritta all\u2019Ordine degli avvocati svizzeri (FSA)<\/span><\/li>\n<li><span style=\"color: #000000;\">Iscritta all\u2019Ordine degli avvocati del Canton Ticino (OATI)<\/span><\/li>\n<li><span style=\"color: #000000;\">Iscritta all\u2019Ordine dei Notai Ticinesi (OdNTi)<\/span><\/li>\n<\/ul>\n<p class=\"imAlign_left\"><span style=\"color: #000000;\"><strong><span class=\"ff3 fc3 fs10 fb \">Lingue\u00a0<\/span><\/strong><span class=\"ff3 fc4 fs10 \"><br \/>\n<\/span><\/span><\/p>\n<p><span style=\"color: #000000;\">l\u2019avv. Micaela Rossetti \u00e8 attiva professionalmente in Ticino e a Zurigo e rappresenta i suoi clienti sia in italiano che in tedesco. Parla correntemente italiano, tedesco e inglese.<\/span><\/p>\n<p><span style=\"color: #993300;\"><span class=\"ff3 fc3 fs10 fb \" style=\"color: #000000;\"><strong>Campi di attivit\u00e0 preferiti<\/strong><\/span><span class=\"ff3 fc5 fs10 \"><br \/>\n<\/span><\/span><\/p>\n<ul class=\"imBullet\">\n<li>Notariato<\/li>\n<li>Diritto della famiglia e dei divorzi<\/li>\n<li>Diritto contrattuale<\/li>\n<li>Pianificazione successoria<\/li>\n<li>Responsabilit\u00e0 civile e diritto assicurativo<\/li>\n<li>Diritto amministrativo (in particolare diritto degli stranieri e della circolazione stradale nonch\u00e9 diritto della costruzione e della pianificazione)<\/li>\n<li>diritto penale<\/li>\n<\/ul>\n","protected":false},"excerpt":{"rendered":"<p>contatta ora Formazione Patente di notaio dal 2017 Brevetto d\u2019Avvocato (2013) Master in diritto, Universit\u00e0 di Lucerna (2013) Bachelor in diritto, Universit\u00e0 di Lucerna (2011) Lizentiat I in diritto, Universit\u00e0 di Zurigo, (2008) Attivit\u00e0 professionale Dal 2018: Attivit\u00e0 di avvocato e notaio associato allo Studio Legale e Notarile avv. Andr\u00e9 Weber e associati, con uffici &hellip; <a href=\"https:\/\/weber-legal.ch\/index.php\/avv-micaela-rossetti-2\/\" class=\"more-link\">Continue reading<span class=\"screen-reader-text\"> &#8220;Avv. Micaela Rossetti, Notaio&#8221;<\/span><\/a><\/p>\n","protected":false},"author":1,"featured_media":0,"parent":0,"menu_order":0,"comment_status":"closed","ping_status":"closed","template":"","meta":{"footnotes":""},"class_list":["post-424","page","type-page","status-publish","hentry"],"_links":{"self":[{"href":"https:\/\/weber-legal.ch\/index.php\/wp-json\/wp\/v2\/pages\/424","targetHints":{"allow":["GET"]}}],"collection":[{"href":"https:\/\/weber-legal.ch\/index.php\/wp-json\/wp\/v2\/pages"}],"about":[{"href":"https:\/\/weber-legal.ch\/index.php\/wp-json\/wp\/v2\/types\/page"}],"author":[{"embeddable":true,"href":"https:\/\/weber-legal.ch\/index.php\/wp-json\/wp\/v2\/users\/1"}],"replies":[{"embeddable":true,"href":"https:\/\/weber-legal.ch\/index.php\/wp-json\/wp\/v2\/comments?post=424"}],"version-history":[{"count":5,"href":"https:\/\/weber-legal.ch\/index.php\/wp-json\/wp\/v2\/pages\/424\/revisions"}],"predecessor-version":[{"id":505,"href":"https:\/\/weber-legal.ch\/index.php\/wp-json\/wp\/v2\/pages\/424\/revisions\/505"}],"wp:attachment":[{"href":"https:\/\/weber-legal.ch\/index.php\/wp-json\/wp\/v2\/media?parent=424"}],"curies":[{"name":"wp","href":"https:\/\/api.w.org\/{rel}","templated":true}]}}