{"id":337,"date":"2018-03-27T22:20:35","date_gmt":"2018-03-27T22:20:35","guid":{"rendered":"https:\/\/weber-legal.ch\/?page_id=337"},"modified":"2018-04-23T12:57:05","modified_gmt":"2018-04-23T12:57:05","slug":"schuldbetreibungs-und-konkursrecht","status":"publish","type":"page","link":"https:\/\/weber-legal.ch\/index.php\/schuldbetreibungs-und-konkursrecht\/","title":{"rendered":"Schuldbetreibungs und Konkursrecht"},"content":{"rendered":"<p class=\"imAlign_justify\"><span class=\"ff3 fc3 fs10 \">Auf der Schuldnerseite beraten wir in allen betreibungs- und konkursrechtlichen Fragen, bei Unternehmenssanierungen und im Zusammenhang mit Haftungsrisiken f\u00fcr Unternehmensschulden (Haftung von Gesellschaftsorganen). Wir \u00fcbernehmen Konkursverwaltungen und Liquidationen von Gesellschaften oder stehen den zust\u00e4ndigen Organen beratend (und bei Bedarf prozessierend) zur Seite.<\/span><\/p>\n<p class=\"imAlign_justify\"><span class=\"ff3 fc3 fs10 \">Auf der Gl\u00e4ubigerseite setzen wir unser Know-How ein, um rasch und effizient die Forderungen unserer Klienten durchzusetzen, sei es mit oder ohne bestehende Rechts\u00f6ffnungstitel. Vom Betreibungsbegehren bis zum Inkasso oder der Sicherung des Haftungssubstrats mittels Arrestbegehren decken wir alle Gebiete des Schuldbetreibungs- und Konkursrechts ab.<\/span><\/p>\n","protected":false},"excerpt":{"rendered":"<p>Auf der Schuldnerseite beraten wir in allen betreibungs- und konkursrechtlichen Fragen, bei Unternehmenssanierungen und im Zusammenhang mit Haftungsrisiken f\u00fcr Unternehmensschulden (Haftung von Gesellschaftsorganen). Wir \u00fcbernehmen Konkursverwaltungen und Liquidationen von Gesellschaften oder stehen den zust\u00e4ndigen Organen beratend (und bei Bedarf prozessierend) zur Seite. Auf der Gl\u00e4ubigerseite setzen wir unser Know-How ein, um rasch und effizient die &hellip; <a href=\"https:\/\/weber-legal.ch\/index.php\/schuldbetreibungs-und-konkursrecht\/\" class=\"more-link\">Continue reading<span class=\"screen-reader-text\"> &#8220;Schuldbetreibungs und Konkursrecht&#8221;<\/span><\/a><\/p>\n","protected":false},"author":1,"featured_media":387,"parent":0,"menu_order":0,"comment_status":"closed","ping_status":"closed","template":"","meta":{"footnotes":""},"class_list":["post-337","page","type-page","status-publish","has-post-thumbnail","hentry"],"_links":{"self":[{"href":"https:\/\/weber-legal.ch\/index.php\/wp-json\/wp\/v2\/pages\/337","targetHints":{"allow":["GET"]}}],"collection":[{"href":"https:\/\/weber-legal.ch\/index.php\/wp-json\/wp\/v2\/pages"}],"about":[{"href":"https:\/\/weber-legal.ch\/index.php\/wp-json\/wp\/v2\/types\/page"}],"author":[{"embeddable":true,"href":"https:\/\/weber-legal.ch\/index.php\/wp-json\/wp\/v2\/users\/1"}],"replies":[{"embeddable":true,"href":"https:\/\/weber-legal.ch\/index.php\/wp-json\/wp\/v2\/comments?post=337"}],"version-history":[{"count":1,"href":"https:\/\/weber-legal.ch\/index.php\/wp-json\/wp\/v2\/pages\/337\/revisions"}],"predecessor-version":[{"id":338,"href":"https:\/\/weber-legal.ch\/index.php\/wp-json\/wp\/v2\/pages\/337\/revisions\/338"}],"wp:featuredmedia":[{"embeddable":true,"href":"https:\/\/weber-legal.ch\/index.php\/wp-json\/wp\/v2\/media\/387"}],"wp:attachment":[{"href":"https:\/\/weber-legal.ch\/index.php\/wp-json\/wp\/v2\/media?parent=337"}],"curies":[{"name":"wp","href":"https:\/\/api.w.org\/{rel}","templated":true}]}}