{"id":333,"date":"2018-03-27T22:17:43","date_gmt":"2018-03-27T22:17:43","guid":{"rendered":"https:\/\/weber-legal.ch\/?page_id=333"},"modified":"2018-04-23T12:53:06","modified_gmt":"2018-04-23T12:53:06","slug":"333-2","status":"publish","type":"page","link":"https:\/\/weber-legal.ch\/index.php\/333-2\/","title":{"rendered":"Compliance &#038; Corporate Governance"},"content":{"rendered":"<p class=\"imAlign_justify\"><span class=\"ff3 fc3 fs10 \">Wir beraten Unternehmen sowie deren Aktion\u00e4re in den verschiedensten Bereichen. Wichtig ist dabei eine umfassende Rechtsberatung des Unternehmens bzw. deren Organe und\/oder des Aktion\u00e4rs. Die Unternehmen unterst\u00fctzen wir in der Ausarbeitung von Statuten und Organisationsreglementen, der Vorbereitung und Durchf\u00fchrung von Generalversammlungen und Verwaltungsratssitzungen, der Abwendung oder der Durchsetzung von Verantwortlichkeitsanspr\u00fcchen, der Einholung von beh\u00f6rdlichen Bewilligungen, der Durchf\u00fchrung von Due Dilligences und Legal Audits.<\/span><\/p>\n<p>Schwergewicht legen wir auf die st\u00e4ndige Pr\u00fcfung der anwendbaren Bestimmungen sowie der allgemein anerkannten Grunds\u00e4tze der Corporate Governance. Verwaltungsr\u00e4te unterst\u00fctzen wir insbesondere beratend w\u00e4hrend der ganzen Dauer ihres Mandates als Mitglieder oder Sekret\u00e4re des Verwaltungsrates. Die Aktion\u00e4re unterst\u00fctzen wir unter anderem in der Durchsetzung und \u00dcberwachung der Einhaltung von Aktion\u00e4rsrechten und der Ausarbeitung von Aktion\u00e4rbindungsvertr\u00e4gen usw.<\/p>\n<p class=\"imAlign_left\"><span class=\"ff3 fc3 fs10 \">Zudem bieten wir Kompetenzen im Bereich Compliance an, um den Unternehmen bei der Einhaltung der relevanten rechtlichen Bestimungen zur Seite zu stehen.<\/span><span class=\"ff1 fc0 fs10 \">\u00a0<\/span><\/p>\n","protected":false},"excerpt":{"rendered":"<p>Wir beraten Unternehmen sowie deren Aktion\u00e4re in den verschiedensten Bereichen. Wichtig ist dabei eine umfassende Rechtsberatung des Unternehmens bzw. deren Organe und\/oder des Aktion\u00e4rs. Die Unternehmen unterst\u00fctzen wir in der Ausarbeitung von Statuten und Organisationsreglementen, der Vorbereitung und Durchf\u00fchrung von Generalversammlungen und Verwaltungsratssitzungen, der Abwendung oder der Durchsetzung von Verantwortlichkeitsanspr\u00fcchen, der Einholung von beh\u00f6rdlichen Bewilligungen, &hellip; <a href=\"https:\/\/weber-legal.ch\/index.php\/333-2\/\" class=\"more-link\">Continue reading<span class=\"screen-reader-text\"> &#8220;Compliance &#038; Corporate Governance&#8221;<\/span><\/a><\/p>\n","protected":false},"author":1,"featured_media":383,"parent":0,"menu_order":0,"comment_status":"closed","ping_status":"closed","template":"","meta":{"footnotes":""},"class_list":["post-333","page","type-page","status-publish","has-post-thumbnail","hentry"],"_links":{"self":[{"href":"https:\/\/weber-legal.ch\/index.php\/wp-json\/wp\/v2\/pages\/333","targetHints":{"allow":["GET"]}}],"collection":[{"href":"https:\/\/weber-legal.ch\/index.php\/wp-json\/wp\/v2\/pages"}],"about":[{"href":"https:\/\/weber-legal.ch\/index.php\/wp-json\/wp\/v2\/types\/page"}],"author":[{"embeddable":true,"href":"https:\/\/weber-legal.ch\/index.php\/wp-json\/wp\/v2\/users\/1"}],"replies":[{"embeddable":true,"href":"https:\/\/weber-legal.ch\/index.php\/wp-json\/wp\/v2\/comments?post=333"}],"version-history":[{"count":3,"href":"https:\/\/weber-legal.ch\/index.php\/wp-json\/wp\/v2\/pages\/333\/revisions"}],"predecessor-version":[{"id":376,"href":"https:\/\/weber-legal.ch\/index.php\/wp-json\/wp\/v2\/pages\/333\/revisions\/376"}],"wp:featuredmedia":[{"embeddable":true,"href":"https:\/\/weber-legal.ch\/index.php\/wp-json\/wp\/v2\/media\/383"}],"wp:attachment":[{"href":"https:\/\/weber-legal.ch\/index.php\/wp-json\/wp\/v2\/media?parent=333"}],"curies":[{"name":"wp","href":"https:\/\/api.w.org\/{rel}","templated":true}]}}