{"id":307,"date":"2018-03-19T11:56:01","date_gmt":"2018-03-19T11:56:01","guid":{"rendered":"https:\/\/weber-legal.ch\/?page_id=307"},"modified":"2018-05-08T13:37:43","modified_gmt":"2018-05-08T13:37:43","slug":"notariato-2","status":"publish","type":"page","link":"https:\/\/weber-legal.ch\/index.php\/notariato-2\/","title":{"rendered":"Notariato"},"content":{"rendered":"<p><span class=\"ff2 fc3 fs10 \">I servizi di notariato offerti ai nostri clienti comprendono ogni tipo di atto notarile, con particolare riferimento a compravendite immobiliari, costituzioni e messa in liquidazione di societ\u00e0, aumenti e diminuzione di capitale, contratti matrimoniali o successori, testamenti pubblici, nonch\u00e9 il rilascio di attestazioni notarili di firma, luogo e data certa e copie autentiche.<\/span><\/p>\n<p>Come per gli altri ambiti di attivit\u00e0, offriamo tutti i servizi notarili necessari alle attivit\u00e0 di societ\u00e0 e gruppi\/consorzi in ogni ambito, dalla\u00a0<span class=\"ff2 fc3 fs10 fb \">costituzione, all\u2019aumento di capitale o le ristrutturazioni societarie,<\/span><span class=\"ff2 fc3 fs10 \">\u00a0sino alla\u00a0<\/span><span class=\"ff2 fc3 fs10 fb \">liquidazione<\/span><span class=\"ff2 fc3 fs10 \">.<\/span><\/p>\n<p>Assistiamo sia grandi che piccole-medie imprese e assumiamo su richiesta anche ruoli di responsabilit\u00e0 quali consiglieri d\u2019amministrazione o quali segretari del consiglio d\u2019amministrazione.<\/p>\n<p>Supportiamo i nostri clienti durante l\u2019elaborazione di tutti i contratti societari e siamo a disposizione dei nostri clienti in qualit\u00e0 di consulenti per la preparazione, conduzione (inclusa la procedura di verbalizzazione) di assemblee generali e sedute del consiglio di amministrazione.<\/p>\n","protected":false},"excerpt":{"rendered":"<p>I servizi di notariato offerti ai nostri clienti comprendono ogni tipo di atto notarile, con particolare riferimento a compravendite immobiliari, costituzioni e messa in liquidazione di societ\u00e0, aumenti e diminuzione di capitale, contratti matrimoniali o successori, testamenti pubblici, nonch\u00e9 il rilascio di attestazioni notarili di firma, luogo e data certa e copie autentiche. Come per &hellip; <a href=\"https:\/\/weber-legal.ch\/index.php\/notariato-2\/\" class=\"more-link\">Continue reading<span class=\"screen-reader-text\"> &#8220;Notariato&#8221;<\/span><\/a><\/p>\n","protected":false},"author":1,"featured_media":410,"parent":0,"menu_order":0,"comment_status":"closed","ping_status":"closed","template":"","meta":{"footnotes":""},"class_list":["post-307","page","type-page","status-publish","has-post-thumbnail","hentry"],"_links":{"self":[{"href":"https:\/\/weber-legal.ch\/index.php\/wp-json\/wp\/v2\/pages\/307","targetHints":{"allow":["GET"]}}],"collection":[{"href":"https:\/\/weber-legal.ch\/index.php\/wp-json\/wp\/v2\/pages"}],"about":[{"href":"https:\/\/weber-legal.ch\/index.php\/wp-json\/wp\/v2\/types\/page"}],"author":[{"embeddable":true,"href":"https:\/\/weber-legal.ch\/index.php\/wp-json\/wp\/v2\/users\/1"}],"replies":[{"embeddable":true,"href":"https:\/\/weber-legal.ch\/index.php\/wp-json\/wp\/v2\/comments?post=307"}],"version-history":[{"count":1,"href":"https:\/\/weber-legal.ch\/index.php\/wp-json\/wp\/v2\/pages\/307\/revisions"}],"predecessor-version":[{"id":308,"href":"https:\/\/weber-legal.ch\/index.php\/wp-json\/wp\/v2\/pages\/307\/revisions\/308"}],"wp:featuredmedia":[{"embeddable":true,"href":"https:\/\/weber-legal.ch\/index.php\/wp-json\/wp\/v2\/media\/410"}],"wp:attachment":[{"href":"https:\/\/weber-legal.ch\/index.php\/wp-json\/wp\/v2\/media?parent=307"}],"curies":[{"name":"wp","href":"https:\/\/api.w.org\/{rel}","templated":true}]}}