{"id":305,"date":"2018-03-19T11:55:37","date_gmt":"2018-03-19T11:55:37","guid":{"rendered":"https:\/\/weber-legal.ch\/?page_id=305"},"modified":"2018-04-23T12:48:57","modified_gmt":"2018-04-23T12:48:57","slug":"notariat","status":"publish","type":"page","link":"https:\/\/weber-legal.ch\/index.php\/notariat\/","title":{"rendered":"Notariat"},"content":{"rendered":"<p>Wir bieten im Kanton Tessin alle Notariatsdienste an. In der Deutschschweiz arbeiten wir mit erfahrenen und spezialisierten Notaren und sind somit in der Lage, sowohl Firmen als auch Privatpersonen s\u00e4mtliche Dienstleistungen auf dem Gebiet des Notariats anzubieten. Das Spektrum der notariellen T\u00e4tigkeiten, die wir beratend begleiten, reicht von der Gesellschaftsgr\u00fcndung bis zum Ehevertrag, vom Testament bis zum Grundst\u00fcckkauf und Beglaubigungen.<\/p>\n","protected":false},"excerpt":{"rendered":"<p>Wir bieten im Kanton Tessin alle Notariatsdienste an. In der Deutschschweiz arbeiten wir mit erfahrenen und spezialisierten Notaren und sind somit in der Lage, sowohl Firmen als auch Privatpersonen s\u00e4mtliche Dienstleistungen auf dem Gebiet des Notariats anzubieten. Das Spektrum der notariellen T\u00e4tigkeiten, die wir beratend begleiten, reicht von der Gesellschaftsgr\u00fcndung bis zum Ehevertrag, vom Testament &hellip; <a href=\"https:\/\/weber-legal.ch\/index.php\/notariat\/\" class=\"more-link\">Continue reading<span class=\"screen-reader-text\"> &#8220;Notariat&#8221;<\/span><\/a><\/p>\n","protected":false},"author":1,"featured_media":377,"parent":0,"menu_order":0,"comment_status":"closed","ping_status":"closed","template":"","meta":{"footnotes":""},"class_list":["post-305","page","type-page","status-publish","has-post-thumbnail","hentry"],"_links":{"self":[{"href":"https:\/\/weber-legal.ch\/index.php\/wp-json\/wp\/v2\/pages\/305","targetHints":{"allow":["GET"]}}],"collection":[{"href":"https:\/\/weber-legal.ch\/index.php\/wp-json\/wp\/v2\/pages"}],"about":[{"href":"https:\/\/weber-legal.ch\/index.php\/wp-json\/wp\/v2\/types\/page"}],"author":[{"embeddable":true,"href":"https:\/\/weber-legal.ch\/index.php\/wp-json\/wp\/v2\/users\/1"}],"replies":[{"embeddable":true,"href":"https:\/\/weber-legal.ch\/index.php\/wp-json\/wp\/v2\/comments?post=305"}],"version-history":[{"count":1,"href":"https:\/\/weber-legal.ch\/index.php\/wp-json\/wp\/v2\/pages\/305\/revisions"}],"predecessor-version":[{"id":306,"href":"https:\/\/weber-legal.ch\/index.php\/wp-json\/wp\/v2\/pages\/305\/revisions\/306"}],"wp:featuredmedia":[{"embeddable":true,"href":"https:\/\/weber-legal.ch\/index.php\/wp-json\/wp\/v2\/media\/377"}],"wp:attachment":[{"href":"https:\/\/weber-legal.ch\/index.php\/wp-json\/wp\/v2\/media?parent=305"}],"curies":[{"name":"wp","href":"https:\/\/api.w.org\/{rel}","templated":true}]}}