{"id":292,"date":"2018-03-19T11:46:53","date_gmt":"2018-03-19T11:46:53","guid":{"rendered":"https:\/\/weber-legal.ch\/?page_id=292"},"modified":"2018-04-23T12:56:00","modified_gmt":"2018-04-23T12:56:00","slug":"arbeitsrecht-und-kollektives-arbeitsrecht","status":"publish","type":"page","link":"https:\/\/weber-legal.ch\/index.php\/arbeitsrecht-und-kollektives-arbeitsrecht\/","title":{"rendered":"Arbeitsrecht und kollektives Arbeitsrecht"},"content":{"rendered":"<p class=\"imAlign_justify\"><span class=\"ff2 fc3 fs10 \">In allen Fragen des privaten Arbeitsvertragsrechts sowie des Gesamtarbeitsvertragsrechts (sei es mit oder ohne Allgemeinverbindlicherkl\u00e4rung) sowie im Bereich der Arbeitsvermittlung verf\u00fcgen wir \u00fcber fundierte und ausgewiesene Erfahrungen.<\/span><\/p>\n<p>Von der Anstellung des Arbeitnehmers bis zur K\u00fcndigung, unter Ber\u00fccksichtigung der m\u00f6glichen Entsch\u00e4digungsmodelle, beraten und vertreten wir unsere Klienten in allen Belangen.<\/p>\n<p>Wir pr\u00fcfen und entwickeln f\u00fcr unsere Klienten Beteiligungsmodelle und Reglemente, interne Weisungen und einzelne Vertr\u00e4ge. Ferner beraten und vertreten wir unsere Klienten im Zusammenhang mit jeder Auseinandersetzung zwischen Arbeitgeber und Arbeitnehmer vor allen Gerichten und begleiten sie beratend bei Restrukturierungen und Massenentlassungen.<\/p>\n<p>Dank langj\u00e4hriger Erfahrungen und T\u00e4tigkeiten im Bereich der Gesamtarbeitsvertr\u00e4ge bieten wir unseren Klienten auch Beratung und Vertretung im Zusammenhang mit gesamtarbeitsvertraglichen Fragen, wie zum Beispiel die Ermittlung und die Pr\u00fcfung der Einhaltung der massgebenden Bestimmungen der anwendbaren Vertr\u00e4ge, aber auch im Verkehr mit den zust\u00e4ndigen Vollzugsorganen. Wir unterst\u00fctzen unsere Klienten auch im Verkehr mit den zust\u00e4ndigen Beh\u00f6rden zur Erlangung von Arbeits- und Aufenthaltsbewilligungen f\u00fcr ausl\u00e4ndische Arbeitnehmer.<\/p>\n<p class=\"imAlign_left\"><span class=\"ff2 fc3 fs10 \">Ferner beraten und betreuen wir ausl\u00e4ndische Klienten im Zusammenhang mit zahlreichen Fragen vor und nach Erhalt der beantragten Aufenthaltsbewilligung.<\/span><\/p>\n","protected":false},"excerpt":{"rendered":"<p>In allen Fragen des privaten Arbeitsvertragsrechts sowie des Gesamtarbeitsvertragsrechts (sei es mit oder ohne Allgemeinverbindlicherkl\u00e4rung) sowie im Bereich der Arbeitsvermittlung verf\u00fcgen wir \u00fcber fundierte und ausgewiesene Erfahrungen. Von der Anstellung des Arbeitnehmers bis zur K\u00fcndigung, unter Ber\u00fccksichtigung der m\u00f6glichen Entsch\u00e4digungsmodelle, beraten und vertreten wir unsere Klienten in allen Belangen. Wir pr\u00fcfen und entwickeln f\u00fcr unsere &hellip; <a href=\"https:\/\/weber-legal.ch\/index.php\/arbeitsrecht-und-kollektives-arbeitsrecht\/\" class=\"more-link\">Continue reading<span class=\"screen-reader-text\"> &#8220;Arbeitsrecht und kollektives Arbeitsrecht&#8221;<\/span><\/a><\/p>\n","protected":false},"author":1,"featured_media":385,"parent":0,"menu_order":0,"comment_status":"closed","ping_status":"closed","template":"","meta":{"footnotes":""},"class_list":["post-292","page","type-page","status-publish","has-post-thumbnail","hentry"],"_links":{"self":[{"href":"https:\/\/weber-legal.ch\/index.php\/wp-json\/wp\/v2\/pages\/292","targetHints":{"allow":["GET"]}}],"collection":[{"href":"https:\/\/weber-legal.ch\/index.php\/wp-json\/wp\/v2\/pages"}],"about":[{"href":"https:\/\/weber-legal.ch\/index.php\/wp-json\/wp\/v2\/types\/page"}],"author":[{"embeddable":true,"href":"https:\/\/weber-legal.ch\/index.php\/wp-json\/wp\/v2\/users\/1"}],"replies":[{"embeddable":true,"href":"https:\/\/weber-legal.ch\/index.php\/wp-json\/wp\/v2\/comments?post=292"}],"version-history":[{"count":2,"href":"https:\/\/weber-legal.ch\/index.php\/wp-json\/wp\/v2\/pages\/292\/revisions"}],"predecessor-version":[{"id":386,"href":"https:\/\/weber-legal.ch\/index.php\/wp-json\/wp\/v2\/pages\/292\/revisions\/386"}],"wp:featuredmedia":[{"embeddable":true,"href":"https:\/\/weber-legal.ch\/index.php\/wp-json\/wp\/v2\/media\/385"}],"wp:attachment":[{"href":"https:\/\/weber-legal.ch\/index.php\/wp-json\/wp\/v2\/media?parent=292"}],"curies":[{"name":"wp","href":"https:\/\/api.w.org\/{rel}","templated":true}]}}