{"id":284,"date":"2018-03-19T11:42:21","date_gmt":"2018-03-19T11:42:21","guid":{"rendered":"https:\/\/weber-legal.ch\/?page_id=284"},"modified":"2018-04-23T12:52:28","modified_gmt":"2018-04-23T12:52:28","slug":"kmu-beratung","status":"publish","type":"page","link":"https:\/\/weber-legal.ch\/index.php\/kmu-beratung\/","title":{"rendered":"KMU-Beratung"},"content":{"rendered":"<p><span class=\"ff3 fc3 fs10 \">Unsere Kompetenzen im Bereich des Gesellschafts-, Arbeits-, Vertrags- und Versicherungsrechts haben wir bereits mehreren kleinen und mittleren Unternehmen aus den verschiedensten Branchen zur Verf\u00fcgung gestellt. Die daraus entstandenen Zusammenarbeiten zeichnen sich durch gr\u00f6sstm\u00f6gliche Effizienz und Flexibilit\u00e4t aus, indem wir unseren Kunden stets rasch und l\u00f6sungsorientiert zur Seite zu stehen. Dabei legen wir grossen Wert darauf, in die Gesch\u00e4ftsprozesse der Klienten involviert zu werden, um m\u00f6gliche Problembereiche fr\u00fch zu erkennen und zu bereinigen. Die langj\u00e4hrige Zusammenarbeit mit unseren Gesch\u00e4ftspartnern erm\u00f6glicht es uns, die rechtlichen Aspekte dauernd den neusten Gegebenheiten anzupassen.<\/span><\/p>\n","protected":false},"excerpt":{"rendered":"<p>Unsere Kompetenzen im Bereich des Gesellschafts-, Arbeits-, Vertrags- und Versicherungsrechts haben wir bereits mehreren kleinen und mittleren Unternehmen aus den verschiedensten Branchen zur Verf\u00fcgung gestellt. Die daraus entstandenen Zusammenarbeiten zeichnen sich durch gr\u00f6sstm\u00f6gliche Effizienz und Flexibilit\u00e4t aus, indem wir unseren Kunden stets rasch und l\u00f6sungsorientiert zur Seite zu stehen. Dabei legen wir grossen Wert darauf, &hellip; <a href=\"https:\/\/weber-legal.ch\/index.php\/kmu-beratung\/\" class=\"more-link\">Continue reading<span class=\"screen-reader-text\"> &#8220;KMU-Beratung&#8221;<\/span><\/a><\/p>\n","protected":false},"author":1,"featured_media":382,"parent":0,"menu_order":0,"comment_status":"closed","ping_status":"closed","template":"","meta":{"footnotes":""},"class_list":["post-284","page","type-page","status-publish","has-post-thumbnail","hentry"],"_links":{"self":[{"href":"https:\/\/weber-legal.ch\/index.php\/wp-json\/wp\/v2\/pages\/284","targetHints":{"allow":["GET"]}}],"collection":[{"href":"https:\/\/weber-legal.ch\/index.php\/wp-json\/wp\/v2\/pages"}],"about":[{"href":"https:\/\/weber-legal.ch\/index.php\/wp-json\/wp\/v2\/types\/page"}],"author":[{"embeddable":true,"href":"https:\/\/weber-legal.ch\/index.php\/wp-json\/wp\/v2\/users\/1"}],"replies":[{"embeddable":true,"href":"https:\/\/weber-legal.ch\/index.php\/wp-json\/wp\/v2\/comments?post=284"}],"version-history":[{"count":1,"href":"https:\/\/weber-legal.ch\/index.php\/wp-json\/wp\/v2\/pages\/284\/revisions"}],"predecessor-version":[{"id":285,"href":"https:\/\/weber-legal.ch\/index.php\/wp-json\/wp\/v2\/pages\/284\/revisions\/285"}],"wp:featuredmedia":[{"embeddable":true,"href":"https:\/\/weber-legal.ch\/index.php\/wp-json\/wp\/v2\/media\/382"}],"wp:attachment":[{"href":"https:\/\/weber-legal.ch\/index.php\/wp-json\/wp\/v2\/media?parent=284"}],"curies":[{"name":"wp","href":"https:\/\/api.w.org\/{rel}","templated":true}]}}