{"id":278,"date":"2018-03-19T11:39:00","date_gmt":"2018-03-19T11:39:00","guid":{"rendered":"https:\/\/weber-legal.ch\/?page_id=278"},"modified":"2018-04-23T12:51:29","modified_gmt":"2018-04-23T12:51:29","slug":"gesellschaftsrecht","status":"publish","type":"page","link":"https:\/\/weber-legal.ch\/index.php\/gesellschaftsrecht\/","title":{"rendered":"Gesellschaftsrecht"},"content":{"rendered":"<p class=\"imAlign_justify\"><span class=\"ff3 fc3 fs10 \">Wir beraten Gesellschaften und Konzerne in allen Belangen, von der Gr\u00fcndung bis zur Liquidation. Dazu geh\u00f6ren insbesondere Kapitaltransaktionen, Restrukturierungen und Sanierungen, Zusammenschl\u00fcsse und Unternehmensk\u00e4ufe, aber auch massgeschneiderte L\u00f6sungen in den Bereichen Corporate Governance, Arbeitsrecht und Compliance. Wir beraten sowohl Grossunternehmen als auch KMU\u2019s und \u00fcbernehmen auf Wunsch auch Verantwortung als Verwaltungsr\u00e4te oder als Sekret\u00e4re eines amtierenden Verwaltungsrates. Im Zusammenhang mit bedeutenden Transaktionen bieten wir unsere Dienstleistungen als Escrow-Agent an.<\/span><\/p>\n<p>Wir unterst\u00fctzen unsere Klienten bei der Erarbeitung der Gesellschaftsvertr\u00e4ge (Statuten, Organisationsreglemente, Aktion\u00e4rbindungsvertr\u00e4ge) und verfassen f\u00fcr sie alle erforderlichen Vertr\u00e4ge und Dokumente. Bei der Vorbereitung, Durchf\u00fchrung (inkl. Protokollf\u00fchrung) von Generalversammlungen und Verwaltungsratssitzungen stehen wir unseren Klienten sowohl beratend als auch mitwirkend zur Seite.<\/p>\n<p class=\"imAlign_left\"><span class=\"ff3 fc3 fs10 \">Gr\u00fcndungen, Kapitalver\u00e4nderungen und Liquidationen sowie die Beratung in allen handelsregisterrechtlichen Fragen und die Vorbereitung der dazu notwendigen \u00f6ffentlichen Beurkundungen geh\u00f6ren ebenso zu unseren Dienstleistungen. Die Zusammenarbeit mit Experten anderer Rechtsgebiete oder aus anderen L\u00e4ndern ist jederzeit sichergestellt und m\u00f6glich.<\/span><\/p>\n","protected":false},"excerpt":{"rendered":"<p>Wir beraten Gesellschaften und Konzerne in allen Belangen, von der Gr\u00fcndung bis zur Liquidation. Dazu geh\u00f6ren insbesondere Kapitaltransaktionen, Restrukturierungen und Sanierungen, Zusammenschl\u00fcsse und Unternehmensk\u00e4ufe, aber auch massgeschneiderte L\u00f6sungen in den Bereichen Corporate Governance, Arbeitsrecht und Compliance. Wir beraten sowohl Grossunternehmen als auch KMU\u2019s und \u00fcbernehmen auf Wunsch auch Verantwortung als Verwaltungsr\u00e4te oder als Sekret\u00e4re eines &hellip; <a href=\"https:\/\/weber-legal.ch\/index.php\/gesellschaftsrecht\/\" class=\"more-link\">Continue reading<span class=\"screen-reader-text\"> &#8220;Gesellschaftsrecht&#8221;<\/span><\/a><\/p>\n","protected":false},"author":1,"featured_media":380,"parent":0,"menu_order":0,"comment_status":"closed","ping_status":"closed","template":"","meta":{"footnotes":""},"class_list":["post-278","page","type-page","status-publish","has-post-thumbnail","hentry"],"_links":{"self":[{"href":"https:\/\/weber-legal.ch\/index.php\/wp-json\/wp\/v2\/pages\/278","targetHints":{"allow":["GET"]}}],"collection":[{"href":"https:\/\/weber-legal.ch\/index.php\/wp-json\/wp\/v2\/pages"}],"about":[{"href":"https:\/\/weber-legal.ch\/index.php\/wp-json\/wp\/v2\/types\/page"}],"author":[{"embeddable":true,"href":"https:\/\/weber-legal.ch\/index.php\/wp-json\/wp\/v2\/users\/1"}],"replies":[{"embeddable":true,"href":"https:\/\/weber-legal.ch\/index.php\/wp-json\/wp\/v2\/comments?post=278"}],"version-history":[{"count":2,"href":"https:\/\/weber-legal.ch\/index.php\/wp-json\/wp\/v2\/pages\/278\/revisions"}],"predecessor-version":[{"id":381,"href":"https:\/\/weber-legal.ch\/index.php\/wp-json\/wp\/v2\/pages\/278\/revisions\/381"}],"wp:featuredmedia":[{"embeddable":true,"href":"https:\/\/weber-legal.ch\/index.php\/wp-json\/wp\/v2\/media\/380"}],"wp:attachment":[{"href":"https:\/\/weber-legal.ch\/index.php\/wp-json\/wp\/v2\/media?parent=278"}],"curies":[{"name":"wp","href":"https:\/\/api.w.org\/{rel}","templated":true}]}}