{"id":274,"date":"2018-03-19T11:36:20","date_gmt":"2018-03-19T11:36:20","guid":{"rendered":"https:\/\/weber-legal.ch\/?page_id=274"},"modified":"2024-12-27T15:22:18","modified_gmt":"2024-12-27T15:22:18","slug":"contatti-2","status":"publish","type":"page","link":"https:\/\/weber-legal.ch\/index.php\/contatti-2\/","title":{"rendered":"Contatti"},"content":{"rendered":"<p class=\"imAlign_justify\"><span class=\"ff2 fc3 fs10 fb \"><strong>Ufficio Locarno<\/strong><br \/>\n<\/span><span class=\"ff2 fc4 fs10 fb \"><br \/>\n<\/span><span class=\"ff2 fc4 fs10 \">Piazza Grande 3<br \/>\nCP 723<br \/>\n6600 Locarno<br \/>\n<\/span><\/p>\n<p class=\"imAlign_left\"><span class=\"ff2 fc4 fs10 \">Tel. 091 752 01 52<br \/>\n<\/span><\/p>\n<p>email:\u00a0<span class=\"ff2 fc4 fs10 fu \"><a class=\"ImLink\" title=\"\" href=\"mailto:aw@weber-legal.ch\">aw@weber-legal.ch<\/a><br \/>\n<\/span><span class=\"ff2 fc4 fs10 \"><br \/>\nL&#8217;ufficio di Locarno \u00e8 ubicato in Piazza Grande 3, nello stabile della Posta di Locarno. Nei pressi dello stabile vi sono numerose possibilit\u00e0 di parcheggio.<\/span><\/p>\n<p><span class=\"ff2 fc3 fs10 fb \"><strong>Ufficio Zurigo<\/strong><br \/>\n<\/span><span class=\"ff2 fc4 fs10 fb \"><br \/>\n<\/span><span class=\"ff2 fc4 fs10 \">Bahnhofstrasse 10<br \/>\n8001 Z\u00fcrich<\/span><\/p>\n<p>Tel. 043 344 89 09<\/p>\n<p>Il nostro ufficio di Zurigo \u00e8 ubicato in centro, a poche decine di metri da Paradeplatz. Risulta quindi comodamente raggiungibile con tutti i mezzi di trasporto, pubblici o privati.<\/p>\n","protected":false},"excerpt":{"rendered":"<p>Ufficio Locarno Piazza Grande 3 CP 723 6600 Locarno Tel. 091 752 01 52 email:\u00a0aw@weber-legal.ch L&#8217;ufficio di Locarno \u00e8 ubicato in Piazza Grande 3, nello stabile della Posta di Locarno. Nei pressi dello stabile vi sono numerose possibilit\u00e0 di parcheggio. Ufficio Zurigo Bahnhofstrasse 10 8001 Z\u00fcrich Tel. 043 344 89 09 Il nostro ufficio di &hellip; <a href=\"https:\/\/weber-legal.ch\/index.php\/contatti-2\/\" class=\"more-link\">Continue reading<span class=\"screen-reader-text\"> &#8220;Contatti&#8221;<\/span><\/a><\/p>\n","protected":false},"author":1,"featured_media":0,"parent":0,"menu_order":0,"comment_status":"closed","ping_status":"closed","template":"","meta":{"footnotes":""},"class_list":["post-274","page","type-page","status-publish","hentry"],"_links":{"self":[{"href":"https:\/\/weber-legal.ch\/index.php\/wp-json\/wp\/v2\/pages\/274","targetHints":{"allow":["GET"]}}],"collection":[{"href":"https:\/\/weber-legal.ch\/index.php\/wp-json\/wp\/v2\/pages"}],"about":[{"href":"https:\/\/weber-legal.ch\/index.php\/wp-json\/wp\/v2\/types\/page"}],"author":[{"embeddable":true,"href":"https:\/\/weber-legal.ch\/index.php\/wp-json\/wp\/v2\/users\/1"}],"replies":[{"embeddable":true,"href":"https:\/\/weber-legal.ch\/index.php\/wp-json\/wp\/v2\/comments?post=274"}],"version-history":[{"count":2,"href":"https:\/\/weber-legal.ch\/index.php\/wp-json\/wp\/v2\/pages\/274\/revisions"}],"predecessor-version":[{"id":491,"href":"https:\/\/weber-legal.ch\/index.php\/wp-json\/wp\/v2\/pages\/274\/revisions\/491"}],"wp:attachment":[{"href":"https:\/\/weber-legal.ch\/index.php\/wp-json\/wp\/v2\/media?parent=274"}],"curies":[{"name":"wp","href":"https:\/\/api.w.org\/{rel}","templated":true}]}}