{"id":272,"date":"2018-03-19T11:35:57","date_gmt":"2018-03-19T11:35:57","guid":{"rendered":"https:\/\/weber-legal.ch\/?page_id=272"},"modified":"2024-12-27T15:30:37","modified_gmt":"2024-12-27T15:30:37","slug":"kontakt","status":"publish","type":"page","link":"https:\/\/weber-legal.ch\/index.php\/kontakt\/","title":{"rendered":"Kontakt"},"content":{"rendered":"<p class=\"imAlign_left\"><span class=\"ff2 fc3 fs10 fb \"><strong>B\u00fcro\u00a0Z\u00fcrich<\/strong><br \/>\n<\/span><span class=\"ff2 fc4 fs10 fb \"><br \/>\n<\/span><span class=\"ff2 fc4 fs10 \">Bahnhofstrasse 10<br \/>\n8001 Z\u00fcrich<\/span><\/p>\n<p>Tel. 043 344 89 09<\/p>\n<p>email:\u00a0<span class=\"ff2 fc4 fs10 fu \"><a class=\"ImLink\" title=\"\" href=\"mailto:aw@weber-legal.ch\">aw@weber-legal.ch<\/a><\/span><\/p>\n<p>Unser B\u00fcro in Z\u00fcrich befindet sich im Stadtzentrum, wenige Meter vom Paradeplatz entfernt. Daher sind wir gut mit den \u00f6ffentlichen oder mit den privaten Verkehrsmitteln erreichbar.<span class=\"ff0 fc0 fs12 \">\u00a0<\/span><\/p>\n<p class=\"imAlign_left\"><span class=\"ff2 fc3 fs10 fb \"><strong>B\u00fcro Locarno (Kanton Tessin)<\/strong><br \/>\n<\/span><span class=\"ff2 fc4 fs10 fb \"><br \/>\n<\/span><span class=\"ff2 fc4 fs10 \">Piazza Grande 3<br \/>\nCP 723<br \/>\n6600 Locarno<br \/>\n<\/span><\/p>\n<p class=\"imAlign_left\"><span class=\"ff2 fc4 fs10 \">Tel. 091 752 01 52<br \/>\n<\/span><\/p>\n<p>Das B\u00fcro von Locarno befindet sich an der Piazza Grande 3, im Postgeb\u00e4ude. In der N\u00e4he des Geb\u00e4udes finden Sie viele Parkm\u00f6glichkeiten.<span class=\"ff0 fc0 fs12 \">\u00a0<\/span><\/p>\n","protected":false},"excerpt":{"rendered":"<p>B\u00fcro\u00a0Z\u00fcrich Bahnhofstrasse 10 8001 Z\u00fcrich Tel. 043 344 89 09 email:\u00a0aw@weber-legal.ch Unser B\u00fcro in Z\u00fcrich befindet sich im Stadtzentrum, wenige Meter vom Paradeplatz entfernt. Daher sind wir gut mit den \u00f6ffentlichen oder mit den privaten Verkehrsmitteln erreichbar.\u00a0 B\u00fcro Locarno (Kanton Tessin) Piazza Grande 3 CP 723 6600 Locarno Tel. 091 752 01 52 Das B\u00fcro &hellip; <a href=\"https:\/\/weber-legal.ch\/index.php\/kontakt\/\" class=\"more-link\">Continue reading<span class=\"screen-reader-text\"> &#8220;Kontakt&#8221;<\/span><\/a><\/p>\n","protected":false},"author":1,"featured_media":0,"parent":0,"menu_order":0,"comment_status":"closed","ping_status":"closed","template":"","meta":{"footnotes":""},"class_list":["post-272","page","type-page","status-publish","hentry"],"_links":{"self":[{"href":"https:\/\/weber-legal.ch\/index.php\/wp-json\/wp\/v2\/pages\/272","targetHints":{"allow":["GET"]}}],"collection":[{"href":"https:\/\/weber-legal.ch\/index.php\/wp-json\/wp\/v2\/pages"}],"about":[{"href":"https:\/\/weber-legal.ch\/index.php\/wp-json\/wp\/v2\/types\/page"}],"author":[{"embeddable":true,"href":"https:\/\/weber-legal.ch\/index.php\/wp-json\/wp\/v2\/users\/1"}],"replies":[{"embeddable":true,"href":"https:\/\/weber-legal.ch\/index.php\/wp-json\/wp\/v2\/comments?post=272"}],"version-history":[{"count":3,"href":"https:\/\/weber-legal.ch\/index.php\/wp-json\/wp\/v2\/pages\/272\/revisions"}],"predecessor-version":[{"id":492,"href":"https:\/\/weber-legal.ch\/index.php\/wp-json\/wp\/v2\/pages\/272\/revisions\/492"}],"wp:attachment":[{"href":"https:\/\/weber-legal.ch\/index.php\/wp-json\/wp\/v2\/media?parent=272"}],"curies":[{"name":"wp","href":"https:\/\/api.w.org\/{rel}","templated":true}]}}