{"id":263,"date":"2018-03-19T11:29:57","date_gmt":"2018-03-19T11:29:57","guid":{"rendered":"https:\/\/weber-legal.ch\/?page_id=263"},"modified":"2018-05-08T13:39:59","modified_gmt":"2018-05-08T13:39:59","slug":"arbeitsweise","status":"publish","type":"page","link":"https:\/\/weber-legal.ch\/index.php\/arbeitsweise\/","title":{"rendered":"Arbeitsweise"},"content":{"rendered":"<p>Unsere Kompetenzen beruhen auf individuellen beruflichen Erfahrungen, welche wir in den aufgelisteten Rechtsgebieten sammeln konnten. Wir stellen dieses Know-How unseren Klienten gerne zur Verf\u00fcgung. Unsere Rechtsanw\u00e4lte stehen Ihnen gerne f\u00fcr gerne eine erste Besprechung zur Verf\u00fcgung<\/p>\n<p>Unser Anliegen ist es, bei jedem Mandat die Bed\u00fcrfnisse des Klienten vollumf\u00e4nglich zu verstehen und die wesentlichen Probleme klar zu erkennen. Auf Grund dieses umfassenden Verst\u00e4ndnisses wird anschliessend die ideale L\u00f6sung angestrebt.<\/p>\n<p>Das Mandat wird als gemeinsames Projekt betrachtet, an dem Mandant, Anwaltskanzlei und eventuell externe, ad hoc beauftragte Spezialisten zusammenwirken. Entsprechend werden die Ziele gesetzt und die Aufgaben und Kompetenzen verteilt.<\/p>\n<p>In jedem Fall ziehen wir das Dialog mit der Gegenpartei einer gerichtlichen Auseinandersetzung vor.<\/p>\n<p>Jedes Mandat wird mit einem Gespr\u00e4ch abgeschlossen, worin die gew\u00e4hlte Strategie und das erreichte Resultat besprochen werden.<\/p>\n","protected":false},"excerpt":{"rendered":"<p>Unsere Kompetenzen beruhen auf individuellen beruflichen Erfahrungen, welche wir in den aufgelisteten Rechtsgebieten sammeln konnten. Wir stellen dieses Know-How unseren Klienten gerne zur Verf\u00fcgung. Unsere Rechtsanw\u00e4lte stehen Ihnen gerne f\u00fcr gerne eine erste Besprechung zur Verf\u00fcgung Unser Anliegen ist es, bei jedem Mandat die Bed\u00fcrfnisse des Klienten vollumf\u00e4nglich zu verstehen und die wesentlichen Probleme klar &hellip; <a href=\"https:\/\/weber-legal.ch\/index.php\/arbeitsweise\/\" class=\"more-link\">Continue reading<span class=\"screen-reader-text\"> &#8220;Arbeitsweise&#8221;<\/span><\/a><\/p>\n","protected":false},"author":1,"featured_media":411,"parent":0,"menu_order":0,"comment_status":"closed","ping_status":"closed","template":"","meta":{"footnotes":""},"class_list":["post-263","page","type-page","status-publish","has-post-thumbnail","hentry"],"_links":{"self":[{"href":"https:\/\/weber-legal.ch\/index.php\/wp-json\/wp\/v2\/pages\/263","targetHints":{"allow":["GET"]}}],"collection":[{"href":"https:\/\/weber-legal.ch\/index.php\/wp-json\/wp\/v2\/pages"}],"about":[{"href":"https:\/\/weber-legal.ch\/index.php\/wp-json\/wp\/v2\/types\/page"}],"author":[{"embeddable":true,"href":"https:\/\/weber-legal.ch\/index.php\/wp-json\/wp\/v2\/users\/1"}],"replies":[{"embeddable":true,"href":"https:\/\/weber-legal.ch\/index.php\/wp-json\/wp\/v2\/comments?post=263"}],"version-history":[{"count":1,"href":"https:\/\/weber-legal.ch\/index.php\/wp-json\/wp\/v2\/pages\/263\/revisions"}],"predecessor-version":[{"id":264,"href":"https:\/\/weber-legal.ch\/index.php\/wp-json\/wp\/v2\/pages\/263\/revisions\/264"}],"wp:featuredmedia":[{"embeddable":true,"href":"https:\/\/weber-legal.ch\/index.php\/wp-json\/wp\/v2\/media\/411"}],"wp:attachment":[{"href":"https:\/\/weber-legal.ch\/index.php\/wp-json\/wp\/v2\/media?parent=263"}],"curies":[{"name":"wp","href":"https:\/\/api.w.org\/{rel}","templated":true}]}}